{"id":20,"date":"2016-05-19T06:50:06","date_gmt":"2016-05-19T06:50:06","guid":{"rendered":"http:\/\/themes.g5plus.net\/pithree\/?page_id=20"},"modified":"2025-01-26T13:30:36","modified_gmt":"2025-01-26T13:30:36","slug":"home-1","status":"publish","type":"page","link":"https:\/\/engzemin.com\/en\/","title":{"rendered":"Ana Sayfa"},"content":{"rendered":"<p>[vc_row][vc_column][rev_slider_vc alias=&#8221;pithree-slider&#8221;][\/vc_column][\/vc_row][vc_row layout=&#8221;container&#8221;][vc_column][vc_empty_space height=&#8221;25&#8243;][\/vc_column][vc_column width=&#8221;1\/3&#8243;][vc_single_image image=&#8221;1453&#8243; img_size=&#8221;full&#8221;][\/vc_column][vc_column width=&#8221;2\/3&#8243;][vc_column_text]<span style=\"color: #000000;\">ENG Ground produces just-in-time solutions with its professional staff without sacrificing safety, economy and quality in the projects it takes in accordance with the engineering concept from which its name comes from.<\/span><\/p>\n<p><span style=\"color: #000000;\">Bored piles, anchors, mini piles, stone columns, jet grouting and similar applications have also fulfilled their obligations in various projects such as deep foundation pits, bridge and road projects.<\/span><\/p>\n<p><span style=\"color: #000000;\">With its developing professional staff and machine park, it will continue to be a solution partner without losing the quality policy it has followed since its establishment.<\/span>[\/vc_column_text][\/vc_column][vc_column][vc_empty_space height=&#8221;25&#8243;][\/vc_column][\/vc_row][vc_row overlay_mode=&#8221;color&#8221; overlay_color=&#8221;rgba(51,66,81,0.85)&#8221; el_class=&#8221;pd-top-90 pd-bottom-90&#8243; css=&#8221;.vc_custom_1673776382874{background-image: url(https:\/\/engzemin.com\/wp-content\/uploads\/2023\/01\/sld-1-1.jpg?id=1218) !important;background-position: center !important;background-repeat: no-repeat !important;background-size: cover !important;}&#8221;][vc_column][vc_empty_space height=&#8221;20&#8243;][vc_row_inner layout=&#8221;container&#8221;][vc_column_inner width=&#8221;1\/12&#8243;][vc_empty_space height=&#8221;1px&#8221;][\/vc_column_inner][vc_column_inner width=&#8221;5\/6&#8243; offset=&#8221;vc_col-lg-10&#8243;][g5plus_heading title=&#8221;SAFE BEGINS&#8221; sub_title=&#8221;We are at your first step for a safe start to your projects&#8230;&#8221; color_schema=&#8221;light&#8221;][vc_empty_space height=&#8221;20&#8243;][\/vc_column_inner][vc_column_inner width=&#8221;1\/12&#8243;][vc_empty_space height=&#8221;1px&#8221;][\/vc_column_inner][vc_column_inner width=&#8221;1\/4&#8243;][vc_single_image image=&#8221;1457&#8243; img_size=&#8221;125*125*&#8221; alignment=&#8221;center&#8221;][vc_empty_space height=&#8221;10&#8243;][vc_column_text]<\/p>\n<h3 style=\"text-align: center;\"><span style=\"color: #ffffff;\"><strong>Professional Team<\/strong><\/span><\/h3>\n<p>[\/vc_column_text][vc_empty_space height=&#8221;20&#8243;][\/vc_column_inner][vc_column_inner width=&#8221;1\/4&#8243;][vc_single_image image=&#8221;1459&#8243; img_size=&#8221;125*125*&#8221; alignment=&#8221;center&#8221;][vc_empty_space height=&#8221;10&#8243;][vc_column_text]<\/p>\n<h3 style=\"text-align: center;\"><span style=\"color: #ffffff;\"><strong>High Quality<\/strong><\/span><\/h3>\n<p>[\/vc_column_text][vc_empty_space height=&#8221;20&#8243;][\/vc_column_inner][vc_column_inner width=&#8221;1\/4&#8243;][vc_single_image image=&#8221;1458&#8243; img_size=&#8221;125*125*&#8221; alignment=&#8221;center&#8221;][vc_empty_space height=&#8221;10&#8243;][vc_column_text]<\/p>\n<h3 style=\"text-align: center;\"><span style=\"color: #ffffff;\"><strong>Project Design<\/strong><\/span><\/h3>\n<p>[\/vc_column_text][vc_empty_space height=&#8221;20&#8243;][\/vc_column_inner][vc_column_inner width=&#8221;1\/4&#8243;][vc_single_image image=&#8221;1460&#8243; img_size=&#8221;125*125*&#8221; alignment=&#8221;center&#8221;][vc_empty_space height=&#8221;10&#8243;][vc_column_text]<\/p>\n<h3 style=\"text-align: center;\"><span style=\"color: #ffffff;\"><strong>Timing<\/strong><\/span><\/h3>\n<p>[\/vc_column_text][vc_empty_space height=&#8221;20&#8243;][\/vc_column_inner][\/vc_row_inner][\/vc_column][\/vc_row][vc_row layout=&#8221;container&#8221;][vc_column][vc_empty_space height=&#8221;20&#8243;][vc_text_separator title=&#8221;WHY U.S&#8221; color=&#8221;juicy_pink&#8221; border_width=&#8221;2&#8243;][vc_empty_space height=&#8221;20&#8243;][\/vc_column][vc_column width=&#8221;1\/4&#8243;][vc_single_image image=&#8221;1350&#8243; img_size=&#8221;full&#8221;][vc_empty_space height=&#8221;20&#8243;][vc_column_text]<\/p>\n<h3><span style=\"color: #000000;\">Always Better<\/span><\/h3>\n<p><span style=\"color: #000000;\">It has proven itself in getting the most accurate and solid results with the right construction method and quality application technique in all projects, and continues on its way by increasing its quality and portfolio.<\/span>[\/vc_column_text][vc_empty_space height=&#8221;10&#8243;][\/vc_column][vc_column width=&#8221;1\/4&#8243;][vc_single_image image=&#8221;1351&#8243; img_size=&#8221;full&#8221;][vc_empty_space height=&#8221;20&#8243;][vc_column_text]<\/p>\n<h3><span style=\"color: #000000;\">Original Projects<\/span><\/h3>\n<p><span style=\"color: #000000;\">ENG has added and will add value to the ongoing and successfully delivered projects, with its solutions that are suitable for the original design of the projects, open to innovations and optimum for the field.<\/span>[\/vc_column_text][vc_empty_space height=&#8221;10&#8243;][\/vc_column][vc_column width=&#8221;1\/4&#8243;][vc_single_image image=&#8221;1352&#8243; img_size=&#8221;full&#8221;][vc_empty_space height=&#8221;20&#8243;][vc_column_text]<\/p>\n<h3><span style=\"color: #000000;\">Ecofriendly<\/span><\/h3>\n<p><span style=\"color: #000000;\">ENG continues its practices with the awareness of its responsibilities to the environment by operating its machinery park in an environmentally friendly manner with low concrete, cement loss, optimum project design and machinery.<\/span>[\/vc_column_text][vc_empty_space height=&#8221;10&#8243;][\/vc_column][vc_column width=&#8221;1\/4&#8243;][vc_single_image image=&#8221;1353&#8243; img_size=&#8221;full&#8221;][vc_empty_space height=&#8221;20&#8243;][vc_column_text]<\/p>\n<h3><span style=\"color: #000000;\">Economic Solutions<\/span><\/h3>\n<p><span style=\"color: #000000;\">ENG offers optimum solutions in every soil improvement and shoring application such as bored piles, mini piles, anchors and sand drains, with a price and solution focus, while maintaining engineering boundaries.<\/span>[\/vc_column_text][vc_empty_space height=&#8221;10&#8243;][\/vc_column][vc_column][vc_empty_space height=&#8221;20&#8243;][\/vc_column][\/vc_row][vc_row overlay_mode=&#8221;color&#8221; overlay_color=&#8221;rgba(51,66,81,0.85)&#8221; el_class=&#8221;pd-top-90 pd-bottom-90&#8243; css=&#8221;.vc_custom_1673776382874{background-image: url(https:\/\/engzemin.com\/wp-content\/uploads\/2023\/01\/sld-1-1.jpg?id=1218) !important;background-position: center !important;background-repeat: no-repeat !important;background-size: cover !important;}&#8221;][vc_column][vc_empty_space height=&#8221;20&#8243;][vc_row_inner layout=&#8221;container&#8221;][vc_column_inner width=&#8221;1\/12&#8243;][vc_empty_space height=&#8221;1px&#8221;][\/vc_column_inner][vc_column_inner width=&#8221;5\/6&#8243; offset=&#8221;vc_col-lg-10&#8243;][g5plus_heading title=&#8221;We are at the Core of the Industry&#8221; sub_title=&#8221;We Offer Original, Environmentally Friendly and Timely Solutions in Deep Foundations, Retaining Systems, Projects and Soil Improvement&#8230;&#8221; color_schema=&#8221;light&#8221;][\/vc_column_inner][vc_column_inner width=&#8221;1\/12&#8243;][vc_empty_space height=&#8221;1px&#8221;][\/vc_column_inner][\/vc_row_inner][\/vc_column][\/vc_row][vc_row layout=&#8221;container&#8221;][vc_column][vc_empty_space height=&#8221;20&#8243;][vc_text_separator title=&#8221;OUR PROJECTS&#8221; color=&#8221;black&#8221;][vc_empty_space height=&#8221;20&#8243;][\/vc_column][vc_column width=&#8221;1\/4&#8243;][vc_empty_space height=&#8221;10&#8243;][vc_single_image image=&#8221;1356&#8243; img_size=&#8221;full&#8221;][vc_empty_space height=&#8221;10&#8243;][vc_column_text]<\/p>\n<p style=\"text-align: center;\"><span style=\"color: #000000;\"><strong>R\u00f6nesans Holding<\/strong><\/span><\/p>\n<p>[\/vc_column_text][\/vc_column][vc_column width=&#8221;1\/4&#8243;][vc_empty_space height=&#8221;10&#8243;][vc_single_image image=&#8221;1359&#8243; img_size=&#8221;full&#8221;][vc_empty_space height=&#8221;10&#8243;][vc_column_text]<\/p>\n<p style=\"text-align: center;\"><span style=\"color: #000000;\"><strong>Vadi \u0130stanbul 3<\/strong><\/span><\/p>\n<p>[\/vc_column_text][\/vc_column][vc_column width=&#8221;1\/4&#8243;][vc_empty_space height=&#8221;10&#8243;][vc_single_image image=&#8221;1357&#8243; img_size=&#8221;full&#8221;][vc_empty_space height=&#8221;10&#8243;][vc_column_text]<\/p>\n<p style=\"text-align: center;\"><span style=\"color: #000000;\"><strong>Sinpa\u015f GYO ANKARA<\/strong><\/span><\/p>\n<p>[\/vc_column_text][\/vc_column][vc_column width=&#8221;1\/4&#8243;][vc_empty_space height=&#8221;10&#8243;][vc_single_image image=&#8221;1358&#8243; img_size=&#8221;full&#8221;][vc_empty_space height=&#8221;10&#8243;][vc_column_text]<\/p>\n<p style=\"text-align: center;\"><span style=\"color: #000000;\"><strong>Torbal\u0131 250 Yatakl\u0131 Dev. Hast.<\/strong><\/span><\/p>\n<p>[\/vc_column_text][\/vc_column][vc_column][vc_empty_space height=&#8221;20&#8243;][vc_btn title=&#8221;ALL PROJECTS&#8221; style=&#8221;outline&#8221; color=&#8221;danger&#8221; size=&#8221;sm&#8221; align=&#8221;center&#8221; css_animation=&#8221;fadeIn&#8221; link=&#8221;url:https%3A%2F%2Fengzemin.com%2Fen%2Fprojeler%2F&#8221;][\/vc_column][\/vc_row][vc_row layout=&#8221;container&#8221; el_class=&#8221;mg-top-60 mg-bottom-60&#8243;][vc_column][vc_text_separator title=&#8221;REFERENCE&#8221; color=&#8221;black&#8221;][g5plus_partner layout=&#8221;with-border&#8221; items=&#8221;6&#8243; is_slider=&#8221;yes&#8221; partners=&#8221;%5B%7B%22images%22%3A%221263%22%7D%2C%7B%22images%22%3A%221256%22%7D%2C%7B%22images%22%3A%221248%22%7D%2C%7B%22images%22%3A%221249%22%7D%2C%7B%22images%22%3A%221255%22%7D%2C%7B%22images%22%3A%221241%22%7D%2C%7B%22images%22%3A%221251%22%7D%2C%7B%22images%22%3A%221254%22%7D%5D&#8221;][vc_empty_space height=&#8221;20&#8243;][vc_btn title=&#8221;ALL REFERENCES&#8221; style=&#8221;outline&#8221; color=&#8221;danger&#8221; size=&#8221;sm&#8221; align=&#8221;center&#8221; css_animation=&#8221;fadeIn&#8221; link=&#8221;url:%2Fen%2Freferanslar&#8221;][\/vc_column][\/vc_row]<\/p>\n","protected":false},"excerpt":{"rendered":"<p>[vc_row][vc_column][rev_slider_vc alias=&#8221;pithree-slider&#8221;][\/vc_column][\/vc_row][vc_row layout=&#8221;container&#8221;][vc_column][vc_empty_space height=&#8221;25&#8243;][\/vc_column][vc_column width=&#8221;1\/3&#8243;][vc_single_image image=&#8221;1453&#8243; img_size=&#8221;full&#8221;][\/vc_column][vc_column width=&#8221;2\/3&#8243;][vc_column_text]ENG Ground produces just-in-time solutions with its professional staff without sacrificing safety, economy and quality in the projects it takes in accordance with the engineering concept from which its name comes from. Bored piles, anchors, mini piles, stone columns, jet grouting and similar applications have also fulfilled their [&hellip;]<\/p>\n","protected":false},"author":1,"featured_media":0,"parent":0,"menu_order":0,"comment_status":"closed","ping_status":"closed","template":"","meta":{"footnotes":""},"class_list":["post-20","page","type-page","status-publish","hentry"],"yoast_head":"<!-- This site is optimized with the Yoast SEO plugin v25.3 - https:\/\/yoast.com\/wordpress\/plugins\/seo\/ -->\n<title>ENG Zemin A.\u015e.<\/title>\n<meta name=\"description\" content=\"Sekt\u00f6r\u00fcn Temelindeyiz | Fore Kaz\u0131k | Zemin \u0130yile\u015ftirme | Derin Temeller | \u0130ksa Sistemleri. emniyet, ekonomi ve kaliteden \u00f6d\u00fcn vermeden...\" \/>\n<meta name=\"robots\" content=\"index, follow, max-snippet:-1, max-image-preview:large, max-video-preview:-1\" \/>\n<link rel=\"canonical\" href=\"https:\/\/engzemin.com\/en\/\" \/>\n<meta property=\"og:locale\" content=\"en_US\" \/>\n<meta property=\"og:locale:alternate\" content=\"tr_TR\" \/>\n<meta property=\"og:type\" content=\"article\" \/>\n<meta property=\"og:title\" content=\"ENG Zemin A.\u015e.\" \/>\n<meta property=\"og:description\" content=\"Sekt\u00f6r\u00fcn Temelindeyiz | Fore Kaz\u0131k | Zemin \u0130yile\u015ftirme | Derin Temeller | \u0130ksa Sistemleri. emniyet, ekonomi ve kaliteden \u00f6d\u00fcn vermeden...\" \/>\n<meta property=\"og:url\" content=\"https:\/\/engzemin.com\/en\/\" \/>\n<meta property=\"og:site_name\" content=\"ENG Zemin A.\u015e.\" \/>\n<meta property=\"article:modified_time\" content=\"2025-01-26T13:30:36+00:00\" \/>\n<meta name=\"twitter:card\" content=\"summary_large_image\" \/>\n<meta name=\"twitter:label1\" content=\"Est. reading time\" \/>\n\t<meta name=\"twitter:data1\" content=\"6 minutes\" \/>\n<script type=\"application\/ld+json\" class=\"yoast-schema-graph\">{\"@context\":\"https:\/\/schema.org\",\"@graph\":[{\"@type\":\"WebPage\",\"@id\":\"https:\/\/engzemin.com\/en\/\",\"url\":\"https:\/\/engzemin.com\/en\/\",\"name\":\"ENG Zemin A.\u015e.\",\"isPartOf\":{\"@id\":\"https:\/\/engzemin.com\/#website\"},\"datePublished\":\"2016-05-19T06:50:06+00:00\",\"dateModified\":\"2025-01-26T13:30:36+00:00\",\"description\":\"Sekt\u00f6r\u00fcn Temelindeyiz | Fore Kaz\u0131k | Zemin \u0130yile\u015ftirme | Derin Temeller | \u0130ksa Sistemleri. emniyet, ekonomi ve kaliteden \u00f6d\u00fcn vermeden...\",\"breadcrumb\":{\"@id\":\"https:\/\/engzemin.com\/en\/#breadcrumb\"},\"inLanguage\":\"en-US\",\"potentialAction\":[{\"@type\":\"ReadAction\",\"target\":[\"https:\/\/engzemin.com\/en\/\"]}]},{\"@type\":\"BreadcrumbList\",\"@id\":\"https:\/\/engzemin.com\/en\/#breadcrumb\",\"itemListElement\":[{\"@type\":\"ListItem\",\"position\":1,\"name\":\"Anasayfa\",\"item\":\"https:\/\/engzemin.com\/en\/\"},{\"@type\":\"ListItem\",\"position\":2,\"name\":\"Ana Sayfa\"}]},{\"@type\":\"WebSite\",\"@id\":\"https:\/\/engzemin.com\/#website\",\"url\":\"https:\/\/engzemin.com\/\",\"name\":\"ENG Zemin A.\u015e.\",\"description\":\"Fore Kaz\u0131k - \u0130ksa Sistemleri - Zemin \u0130yile\u015ftirme\",\"potentialAction\":[{\"@type\":\"SearchAction\",\"target\":{\"@type\":\"EntryPoint\",\"urlTemplate\":\"https:\/\/engzemin.com\/?s={search_term_string}\"},\"query-input\":{\"@type\":\"PropertyValueSpecification\",\"valueRequired\":true,\"valueName\":\"search_term_string\"}}],\"inLanguage\":\"en-US\"}]}<\/script>\n<!-- \/ Yoast SEO plugin. -->","yoast_head_json":{"title":"ENG Zemin A.\u015e.","description":"Sekt\u00f6r\u00fcn Temelindeyiz | Fore Kaz\u0131k | Zemin \u0130yile\u015ftirme | Derin Temeller | \u0130ksa Sistemleri. emniyet, ekonomi ve kaliteden \u00f6d\u00fcn vermeden...","robots":{"index":"index","follow":"follow","max-snippet":"max-snippet:-1","max-image-preview":"max-image-preview:large","max-video-preview":"max-video-preview:-1"},"canonical":"https:\/\/engzemin.com\/en\/","og_locale":"en_US","og_type":"article","og_title":"ENG Zemin A.\u015e.","og_description":"Sekt\u00f6r\u00fcn Temelindeyiz | Fore Kaz\u0131k | Zemin \u0130yile\u015ftirme | Derin Temeller | \u0130ksa Sistemleri. emniyet, ekonomi ve kaliteden \u00f6d\u00fcn vermeden...","og_url":"https:\/\/engzemin.com\/en\/","og_site_name":"ENG Zemin A.\u015e.","article_modified_time":"2025-01-26T13:30:36+00:00","twitter_card":"summary_large_image","twitter_misc":{"Est. reading time":"6 minutes"},"schema":{"@context":"https:\/\/schema.org","@graph":[{"@type":"WebPage","@id":"https:\/\/engzemin.com\/en\/","url":"https:\/\/engzemin.com\/en\/","name":"ENG Zemin A.\u015e.","isPartOf":{"@id":"https:\/\/engzemin.com\/#website"},"datePublished":"2016-05-19T06:50:06+00:00","dateModified":"2025-01-26T13:30:36+00:00","description":"Sekt\u00f6r\u00fcn Temelindeyiz | Fore Kaz\u0131k | Zemin \u0130yile\u015ftirme | Derin Temeller | \u0130ksa Sistemleri. emniyet, ekonomi ve kaliteden \u00f6d\u00fcn vermeden...","breadcrumb":{"@id":"https:\/\/engzemin.com\/en\/#breadcrumb"},"inLanguage":"en-US","potentialAction":[{"@type":"ReadAction","target":["https:\/\/engzemin.com\/en\/"]}]},{"@type":"BreadcrumbList","@id":"https:\/\/engzemin.com\/en\/#breadcrumb","itemListElement":[{"@type":"ListItem","position":1,"name":"Anasayfa","item":"https:\/\/engzemin.com\/en\/"},{"@type":"ListItem","position":2,"name":"Ana Sayfa"}]},{"@type":"WebSite","@id":"https:\/\/engzemin.com\/#website","url":"https:\/\/engzemin.com\/","name":"ENG Zemin A.\u015e.","description":"Fore Kaz\u0131k - \u0130ksa Sistemleri - Zemin \u0130yile\u015ftirme","potentialAction":[{"@type":"SearchAction","target":{"@type":"EntryPoint","urlTemplate":"https:\/\/engzemin.com\/?s={search_term_string}"},"query-input":{"@type":"PropertyValueSpecification","valueRequired":true,"valueName":"search_term_string"}}],"inLanguage":"en-US"}]}},"_links":{"self":[{"href":"https:\/\/engzemin.com\/en\/wp-json\/wp\/v2\/pages\/20","targetHints":{"allow":["GET"]}}],"collection":[{"href":"https:\/\/engzemin.com\/en\/wp-json\/wp\/v2\/pages"}],"about":[{"href":"https:\/\/engzemin.com\/en\/wp-json\/wp\/v2\/types\/page"}],"author":[{"embeddable":true,"href":"https:\/\/engzemin.com\/en\/wp-json\/wp\/v2\/users\/1"}],"replies":[{"embeddable":true,"href":"https:\/\/engzemin.com\/en\/wp-json\/wp\/v2\/comments?post=20"}],"version-history":[{"count":33,"href":"https:\/\/engzemin.com\/en\/wp-json\/wp\/v2\/pages\/20\/revisions"}],"predecessor-version":[{"id":1515,"href":"https:\/\/engzemin.com\/en\/wp-json\/wp\/v2\/pages\/20\/revisions\/1515"}],"wp:attachment":[{"href":"https:\/\/engzemin.com\/en\/wp-json\/wp\/v2\/media?parent=20"}],"curies":[{"name":"wp","href":"https:\/\/api.w.org\/{rel}","templated":true}]}}