{"id":1372,"date":"2023-06-22T14:49:00","date_gmt":"2023-06-22T14:49:00","guid":{"rendered":"https:\/\/engzemin.com\/?page_id=1372"},"modified":"2024-11-21T12:53:28","modified_gmt":"2024-11-21T12:53:28","slug":"proje","status":"publish","type":"page","link":"https:\/\/engzemin.com\/en\/proje\/","title":{"rendered":"Project"},"content":{"rendered":"<p>[vc_row][vc_column][vc_column_text]<span style=\"color: #000000;\"><strong>The project; <\/strong>ENG has proven itself in providing the project requirements without moving away from the safe zone while seeking price and optimum solutions during the design phase of geotechnical projects<\/span>[\/vc_column_text][\/vc_column][\/vc_row]<\/p>\n","protected":false},"excerpt":{"rendered":"<p>[vc_row][vc_column][vc_column_text]The project; ENG has proven itself in providing the project requirements without moving away from the safe zone while seeking price and optimum solutions during the design phase of geotechnical projects[\/vc_column_text][\/vc_column][\/vc_row]<\/p>\n","protected":false},"author":1,"featured_media":0,"parent":0,"menu_order":0,"comment_status":"closed","ping_status":"closed","template":"","meta":{"footnotes":""},"class_list":["post-1372","page","type-page","status-publish","hentry"],"yoast_head":"<!-- This site is optimized with the Yoast SEO plugin v25.3 - https:\/\/yoast.com\/wordpress\/plugins\/seo\/ -->\n<title>Project - ENG Zemin A.\u015e.<\/title>\n<meta name=\"robots\" content=\"index, follow, max-snippet:-1, max-image-preview:large, max-video-preview:-1\" \/>\n<link rel=\"canonical\" href=\"https:\/\/engzemin.com\/en\/proje\/\" \/>\n<meta property=\"og:locale\" content=\"en_US\" \/>\n<meta property=\"og:locale:alternate\" content=\"tr_TR\" \/>\n<meta property=\"og:type\" content=\"article\" \/>\n<meta property=\"og:title\" content=\"Project\" \/>\n<meta property=\"og:description\" content=\"[vc_row][vc_column][vc_column_text]The project; ENG has proven itself in providing the project requirements without moving away from the safe zone while seeking price and optimum solutions during the design phase of geotechnical projects[\/vc_column_text][\/vc_column][\/vc_row]\" \/>\n<meta property=\"og:url\" content=\"https:\/\/engzemin.com\/en\/proje\/\" \/>\n<meta property=\"og:site_name\" content=\"ENG Zemin A.\u015e.\" \/>\n<meta property=\"article:modified_time\" content=\"2024-11-21T12:53:28+00:00\" \/>\n<meta name=\"twitter:card\" content=\"summary_large_image\" \/>\n<script type=\"application\/ld+json\" class=\"yoast-schema-graph\">{\"@context\":\"https:\/\/schema.org\",\"@graph\":[{\"@type\":\"WebPage\",\"@id\":\"https:\/\/engzemin.com\/proje\/\",\"url\":\"https:\/\/engzemin.com\/proje\/\",\"name\":\"Project\",\"isPartOf\":{\"@id\":\"https:\/\/engzemin.com\/#website\"},\"datePublished\":\"2023-06-22T14:49:00+00:00\",\"dateModified\":\"2024-11-21T12:53:28+00:00\",\"breadcrumb\":{\"@id\":\"https:\/\/engzemin.com\/proje\/#breadcrumb\"},\"inLanguage\":\"en-US\",\"potentialAction\":[{\"@type\":\"ReadAction\",\"target\":[\"https:\/\/engzemin.com\/proje\/\"]}]},{\"@type\":\"BreadcrumbList\",\"@id\":\"https:\/\/engzemin.com\/proje\/#breadcrumb\",\"itemListElement\":[{\"@type\":\"ListItem\",\"position\":1,\"name\":\"Anasayfa\",\"item\":\"https:\/\/engzemin.com\/en\/\"},{\"@type\":\"ListItem\",\"position\":2,\"name\":\"Proje\"}]},{\"@type\":\"WebSite\",\"@id\":\"https:\/\/engzemin.com\/#website\",\"url\":\"https:\/\/engzemin.com\/\",\"name\":\"ENG Zemin A.\u015e.\",\"description\":\"Fore Kaz\u0131k - \u0130ksa Sistemleri - Zemin \u0130yile\u015ftirme\",\"potentialAction\":[{\"@type\":\"SearchAction\",\"target\":{\"@type\":\"EntryPoint\",\"urlTemplate\":\"https:\/\/engzemin.com\/?s={search_term_string}\"},\"query-input\":{\"@type\":\"PropertyValueSpecification\",\"valueRequired\":true,\"valueName\":\"search_term_string\"}}],\"inLanguage\":\"en-US\"}]}<\/script>\n<!-- \/ Yoast SEO plugin. -->","yoast_head_json":{"title":"Project - ENG Zemin A.\u015e.","robots":{"index":"index","follow":"follow","max-snippet":"max-snippet:-1","max-image-preview":"max-image-preview:large","max-video-preview":"max-video-preview:-1"},"canonical":"https:\/\/engzemin.com\/en\/proje\/","og_locale":"en_US","og_type":"article","og_title":"[:tr]Proje[:en]Project[:] - ENG Zemin A.\u015e.","og_description":"[vc_row][vc_column][vc_column_text]The project; ENG has proven itself in providing the project requirements without moving away from the safe zone while seeking price and optimum solutions during the design phase of geotechnical projects[\/vc_column_text][\/vc_column][\/vc_row]","og_url":"https:\/\/engzemin.com\/en\/proje\/","og_site_name":"ENG Zemin A.\u015e.","article_modified_time":"2024-11-21T12:53:28+00:00","twitter_card":"summary_large_image","schema":{"@context":"https:\/\/schema.org","@graph":[{"@type":"WebPage","@id":"https:\/\/engzemin.com\/proje\/","url":"https:\/\/engzemin.com\/proje\/","name":"Project","isPartOf":{"@id":"https:\/\/engzemin.com\/#website"},"datePublished":"2023-06-22T14:49:00+00:00","dateModified":"2024-11-21T12:53:28+00:00","breadcrumb":{"@id":"https:\/\/engzemin.com\/proje\/#breadcrumb"},"inLanguage":"en-US","potentialAction":[{"@type":"ReadAction","target":["https:\/\/engzemin.com\/proje\/"]}]},{"@type":"BreadcrumbList","@id":"https:\/\/engzemin.com\/proje\/#breadcrumb","itemListElement":[{"@type":"ListItem","position":1,"name":"Anasayfa","item":"https:\/\/engzemin.com\/en\/"},{"@type":"ListItem","position":2,"name":"Proje"}]},{"@type":"WebSite","@id":"https:\/\/engzemin.com\/#website","url":"https:\/\/engzemin.com\/","name":"ENG Zemin A.\u015e.","description":"Fore Kaz\u0131k - \u0130ksa Sistemleri - Zemin \u0130yile\u015ftirme","potentialAction":[{"@type":"SearchAction","target":{"@type":"EntryPoint","urlTemplate":"https:\/\/engzemin.com\/?s={search_term_string}"},"query-input":{"@type":"PropertyValueSpecification","valueRequired":true,"valueName":"search_term_string"}}],"inLanguage":"en-US"}]}},"_links":{"self":[{"href":"https:\/\/engzemin.com\/en\/wp-json\/wp\/v2\/pages\/1372","targetHints":{"allow":["GET"]}}],"collection":[{"href":"https:\/\/engzemin.com\/en\/wp-json\/wp\/v2\/pages"}],"about":[{"href":"https:\/\/engzemin.com\/en\/wp-json\/wp\/v2\/types\/page"}],"author":[{"embeddable":true,"href":"https:\/\/engzemin.com\/en\/wp-json\/wp\/v2\/users\/1"}],"replies":[{"embeddable":true,"href":"https:\/\/engzemin.com\/en\/wp-json\/wp\/v2\/comments?post=1372"}],"version-history":[{"count":4,"href":"https:\/\/engzemin.com\/en\/wp-json\/wp\/v2\/pages\/1372\/revisions"}],"predecessor-version":[{"id":1427,"href":"https:\/\/engzemin.com\/en\/wp-json\/wp\/v2\/pages\/1372\/revisions\/1427"}],"wp:attachment":[{"href":"https:\/\/engzemin.com\/en\/wp-json\/wp\/v2\/media?parent=1372"}],"curies":[{"name":"wp","href":"https:\/\/api.w.org\/{rel}","templated":true}]}}