{"id":1369,"date":"2023-06-22T14:47:51","date_gmt":"2023-06-22T14:47:51","guid":{"rendered":"https:\/\/engzemin.com\/?page_id=1369"},"modified":"2024-11-21T12:50:12","modified_gmt":"2024-11-21T12:50:12","slug":"iksa-sistemleri","status":"publish","type":"page","link":"https:\/\/engzemin.com\/en\/iksa-sistemleri\/","title":{"rendered":"Shoring (Deep Excavation) Systems"},"content":{"rendered":"<p>[vc_row][vc_column][vc_column_text]<span style=\"color: #000000;\"><strong>Shoring (Deep Excavation) Systems; <\/strong>ENG secures all kinds of structures such as roads, rail systems and buildings in the surrounding area with deep piles and ensures the stability of excavation pits.<\/span><\/p>\n<p><span style=\"color: #000000;\"><strong>Anchored Intersecting Piles; <\/strong>ENG provides impermeability in deep excavation pits thanks to its intersecting pile applications.<\/span><\/p>\n<p><span style=\"color: #000000;\"><strong>Bored Piles with Anchors; <\/strong>ENG complements the application of quality bored piles in shoring systems with anchors, which are largely manufactured with imported materials.<\/span><\/p>\n<p><span style=\"color: #000000;\"><strong>Mini Piles with Anchors; <\/strong>ENG offers project-oriented solutions with mini-pile anchoring systems for projects with relatively lower loads and where less ground loss is required under existing conditions.<\/span><\/p>\n<p><span style=\"color: #000000;\"><strong>Impermeability Curtains; <\/strong>ENG achieves excellent results with its impermeability curtains in projects such as waste water treatment plants, lakes, HEPP projects and subways.<\/span><\/p>\n<p><span style=\"color: #000000;\"><strong>Shotcrete with Ground Nails; <\/strong>ENG provides shotcrete with ground nails (blon) and minimum loss.<\/span>[\/vc_column_text][\/vc_column][\/vc_row]<\/p>\n","protected":false},"excerpt":{"rendered":"<p>[vc_row][vc_column][vc_column_text]Shoring (Deep Excavation) Systems; ENG secures all kinds of structures such as roads, rail systems and buildings in the surrounding area with deep piles and ensures the stability of excavation pits. Anchored Intersecting Piles; ENG provides impermeability in deep excavation pits thanks to its intersecting pile applications. Bored Piles with Anchors; ENG complements the application [&hellip;]<\/p>\n","protected":false},"author":1,"featured_media":0,"parent":0,"menu_order":0,"comment_status":"closed","ping_status":"closed","template":"","meta":{"footnotes":""},"class_list":["post-1369","page","type-page","status-publish","hentry"],"yoast_head":"<!-- This site is optimized with the Yoast SEO plugin v25.3 - https:\/\/yoast.com\/wordpress\/plugins\/seo\/ -->\n<title>Shoring (Deep Excavation) Systems - ENG Zemin A.\u015e.<\/title>\n<meta name=\"robots\" content=\"index, follow, max-snippet:-1, max-image-preview:large, max-video-preview:-1\" \/>\n<link rel=\"canonical\" href=\"https:\/\/engzemin.com\/en\/iksa-sistemleri\/\" \/>\n<meta property=\"og:locale\" content=\"en_US\" \/>\n<meta property=\"og:locale:alternate\" content=\"tr_TR\" \/>\n<meta property=\"og:type\" content=\"article\" \/>\n<meta property=\"og:title\" content=\"Shoring (Deep Excavation) Systems\" \/>\n<meta property=\"og:description\" content=\"[vc_row][vc_column][vc_column_text]Shoring (Deep Excavation) Systems; ENG secures all kinds of structures such as roads, rail systems and buildings in the surrounding area with deep piles and ensures the stability of excavation pits. Anchored Intersecting Piles; ENG provides impermeability in deep excavation pits thanks to its intersecting pile applications. Bored Piles with Anchors; ENG complements the application [&hellip;]\" \/>\n<meta property=\"og:url\" content=\"https:\/\/engzemin.com\/en\/iksa-sistemleri\/\" \/>\n<meta property=\"og:site_name\" content=\"ENG Zemin A.\u015e.\" \/>\n<meta property=\"article:modified_time\" content=\"2024-11-21T12:50:12+00:00\" \/>\n<meta name=\"twitter:card\" content=\"summary_large_image\" \/>\n<meta name=\"twitter:label1\" content=\"Est. reading time\" \/>\n\t<meta name=\"twitter:data1\" content=\"2 minutes\" \/>\n<script type=\"application\/ld+json\" class=\"yoast-schema-graph\">{\"@context\":\"https:\/\/schema.org\",\"@graph\":[{\"@type\":\"WebPage\",\"@id\":\"https:\/\/engzemin.com\/iksa-sistemleri\/\",\"url\":\"https:\/\/engzemin.com\/iksa-sistemleri\/\",\"name\":\"Shoring (Deep Excavation) Systems\",\"isPartOf\":{\"@id\":\"https:\/\/engzemin.com\/#website\"},\"datePublished\":\"2023-06-22T14:47:51+00:00\",\"dateModified\":\"2024-11-21T12:50:12+00:00\",\"breadcrumb\":{\"@id\":\"https:\/\/engzemin.com\/iksa-sistemleri\/#breadcrumb\"},\"inLanguage\":\"en-US\",\"potentialAction\":[{\"@type\":\"ReadAction\",\"target\":[\"https:\/\/engzemin.com\/iksa-sistemleri\/\"]}]},{\"@type\":\"BreadcrumbList\",\"@id\":\"https:\/\/engzemin.com\/iksa-sistemleri\/#breadcrumb\",\"itemListElement\":[{\"@type\":\"ListItem\",\"position\":1,\"name\":\"Anasayfa\",\"item\":\"https:\/\/engzemin.com\/en\/\"},{\"@type\":\"ListItem\",\"position\":2,\"name\":\"\u0130ksa Sistemleri\"}]},{\"@type\":\"WebSite\",\"@id\":\"https:\/\/engzemin.com\/#website\",\"url\":\"https:\/\/engzemin.com\/\",\"name\":\"ENG Zemin A.\u015e.\",\"description\":\"Fore Kaz\u0131k - \u0130ksa Sistemleri - Zemin \u0130yile\u015ftirme\",\"potentialAction\":[{\"@type\":\"SearchAction\",\"target\":{\"@type\":\"EntryPoint\",\"urlTemplate\":\"https:\/\/engzemin.com\/?s={search_term_string}\"},\"query-input\":{\"@type\":\"PropertyValueSpecification\",\"valueRequired\":true,\"valueName\":\"search_term_string\"}}],\"inLanguage\":\"en-US\"}]}<\/script>\n<!-- \/ Yoast SEO plugin. -->","yoast_head_json":{"title":"Shoring (Deep Excavation) Systems - ENG Zemin A.\u015e.","robots":{"index":"index","follow":"follow","max-snippet":"max-snippet:-1","max-image-preview":"max-image-preview:large","max-video-preview":"max-video-preview:-1"},"canonical":"https:\/\/engzemin.com\/en\/iksa-sistemleri\/","og_locale":"en_US","og_type":"article","og_title":"[:tr]\u0130ksa Sistemleri[:en]Shoring (Deep Excavation) Systems[:] - ENG Zemin A.\u015e.","og_description":"[vc_row][vc_column][vc_column_text]Shoring (Deep Excavation) Systems; ENG secures all kinds of structures such as roads, rail systems and buildings in the surrounding area with deep piles and ensures the stability of excavation pits. Anchored Intersecting Piles; ENG provides impermeability in deep excavation pits thanks to its intersecting pile applications. Bored Piles with Anchors; ENG complements the application [&hellip;]","og_url":"https:\/\/engzemin.com\/en\/iksa-sistemleri\/","og_site_name":"ENG Zemin A.\u015e.","article_modified_time":"2024-11-21T12:50:12+00:00","twitter_card":"summary_large_image","twitter_misc":{"Est. reading time":"2 minutes"},"schema":{"@context":"https:\/\/schema.org","@graph":[{"@type":"WebPage","@id":"https:\/\/engzemin.com\/iksa-sistemleri\/","url":"https:\/\/engzemin.com\/iksa-sistemleri\/","name":"Shoring (Deep Excavation) Systems","isPartOf":{"@id":"https:\/\/engzemin.com\/#website"},"datePublished":"2023-06-22T14:47:51+00:00","dateModified":"2024-11-21T12:50:12+00:00","breadcrumb":{"@id":"https:\/\/engzemin.com\/iksa-sistemleri\/#breadcrumb"},"inLanguage":"en-US","potentialAction":[{"@type":"ReadAction","target":["https:\/\/engzemin.com\/iksa-sistemleri\/"]}]},{"@type":"BreadcrumbList","@id":"https:\/\/engzemin.com\/iksa-sistemleri\/#breadcrumb","itemListElement":[{"@type":"ListItem","position":1,"name":"Anasayfa","item":"https:\/\/engzemin.com\/en\/"},{"@type":"ListItem","position":2,"name":"\u0130ksa Sistemleri"}]},{"@type":"WebSite","@id":"https:\/\/engzemin.com\/#website","url":"https:\/\/engzemin.com\/","name":"ENG Zemin A.\u015e.","description":"Fore Kaz\u0131k - \u0130ksa Sistemleri - Zemin \u0130yile\u015ftirme","potentialAction":[{"@type":"SearchAction","target":{"@type":"EntryPoint","urlTemplate":"https:\/\/engzemin.com\/?s={search_term_string}"},"query-input":{"@type":"PropertyValueSpecification","valueRequired":true,"valueName":"search_term_string"}}],"inLanguage":"en-US"}]}},"_links":{"self":[{"href":"https:\/\/engzemin.com\/en\/wp-json\/wp\/v2\/pages\/1369","targetHints":{"allow":["GET"]}}],"collection":[{"href":"https:\/\/engzemin.com\/en\/wp-json\/wp\/v2\/pages"}],"about":[{"href":"https:\/\/engzemin.com\/en\/wp-json\/wp\/v2\/types\/page"}],"author":[{"embeddable":true,"href":"https:\/\/engzemin.com\/en\/wp-json\/wp\/v2\/users\/1"}],"replies":[{"embeddable":true,"href":"https:\/\/engzemin.com\/en\/wp-json\/wp\/v2\/comments?post=1369"}],"version-history":[{"count":4,"href":"https:\/\/engzemin.com\/en\/wp-json\/wp\/v2\/pages\/1369\/revisions"}],"predecessor-version":[{"id":1420,"href":"https:\/\/engzemin.com\/en\/wp-json\/wp\/v2\/pages\/1369\/revisions\/1420"}],"wp:attachment":[{"href":"https:\/\/engzemin.com\/en\/wp-json\/wp\/v2\/media?parent=1369"}],"curies":[{"name":"wp","href":"https:\/\/api.w.org\/{rel}","templated":true}]}}