{"id":1225,"date":"2023-01-15T10:06:11","date_gmt":"2023-01-15T10:06:11","guid":{"rendered":"https:\/\/engzemin.com\/?page_id=1225"},"modified":"2024-12-21T15:11:28","modified_gmt":"2024-12-21T15:11:28","slug":"hakkimizda","status":"publish","type":"page","link":"https:\/\/engzemin.com\/en\/hakkimizda\/","title":{"rendered":"About Us"},"content":{"rendered":"<p>[vc_row][vc_column width=&#8221;2\/3&#8243;][vc_column_text]<span style=\"color: #000000;\">ENG Ground produces just-in-time solutions with its professional staff without sacrificing safety, economy and quality in the projects it takes in accordance with the engineering concept from which its name comes from.<\/span><\/p>\n<p><span style=\"color: #000000;\">Bored piles, anchors, mini piles, stone columns, jet grouting and similar applications have also fulfilled their obligations in various projects such as deep foundation pits, bridge and road projects.<\/span><\/p>\n<p><span style=\"color: #000000;\">With its developing professional staff and machine park, it will continue to be a solution partner without losing the quality policy it has followed since its establishment.<\/span>[\/vc_column_text][\/vc_column][vc_column width=&#8221;1\/3&#8243;][vc_single_image image=&#8221;1227&#8243; img_size=&#8221;full&#8221; alignment=&#8221;center&#8221; style=&#8221;vc_box_outline&#8221; border_color=&#8221;juicy_pink&#8221;][\/vc_column][\/vc_row]<\/p>\n","protected":false},"excerpt":{"rendered":"<p>[vc_row][vc_column width=&#8221;2\/3&#8243;][vc_column_text]ENG Ground produces just-in-time solutions with its professional staff without sacrificing safety, economy and quality in the projects it takes in accordance with the engineering concept from which its name comes from. Bored piles, anchors, mini piles, stone columns, jet grouting and similar applications have also fulfilled their obligations in various projects such as [&hellip;]<\/p>\n","protected":false},"author":1,"featured_media":0,"parent":0,"menu_order":0,"comment_status":"closed","ping_status":"closed","template":"","meta":{"footnotes":""},"class_list":["post-1225","page","type-page","status-publish","hentry"],"yoast_head":"<!-- This site is optimized with the Yoast SEO plugin v25.3 - https:\/\/yoast.com\/wordpress\/plugins\/seo\/ -->\n<title>About Us - ENG Zemin A.\u015e.<\/title>\n<meta name=\"robots\" content=\"index, follow, max-snippet:-1, max-image-preview:large, max-video-preview:-1\" \/>\n<link rel=\"canonical\" href=\"https:\/\/engzemin.com\/en\/hakkimizda\/\" \/>\n<meta property=\"og:locale\" content=\"en_US\" \/>\n<meta property=\"og:locale:alternate\" content=\"tr_TR\" \/>\n<meta property=\"og:type\" content=\"article\" \/>\n<meta property=\"og:title\" content=\"About Us\" \/>\n<meta property=\"og:description\" content=\"[vc_row][vc_column width=&#8221;2\/3&#8243;][vc_column_text]ENG Ground produces just-in-time solutions with its professional staff without sacrificing safety, economy and quality in the projects it takes in accordance with the engineering concept from which its name comes from. Bored piles, anchors, mini piles, stone columns, jet grouting and similar applications have also fulfilled their obligations in various projects such as [&hellip;]\" \/>\n<meta property=\"og:url\" content=\"https:\/\/engzemin.com\/en\/hakkimizda\/\" \/>\n<meta property=\"og:site_name\" content=\"ENG Zemin A.\u015e.\" \/>\n<meta property=\"article:modified_time\" content=\"2024-12-21T15:11:28+00:00\" \/>\n<meta name=\"twitter:card\" content=\"summary_large_image\" \/>\n<meta name=\"twitter:label1\" content=\"Est. reading time\" \/>\n\t<meta name=\"twitter:data1\" content=\"2 minutes\" \/>\n<script type=\"application\/ld+json\" class=\"yoast-schema-graph\">{\"@context\":\"https:\/\/schema.org\",\"@graph\":[{\"@type\":\"WebPage\",\"@id\":\"https:\/\/engzemin.com\/hakkimizda\/\",\"url\":\"https:\/\/engzemin.com\/hakkimizda\/\",\"name\":\"About Us\",\"isPartOf\":{\"@id\":\"https:\/\/engzemin.com\/#website\"},\"datePublished\":\"2023-01-15T10:06:11+00:00\",\"dateModified\":\"2024-12-21T15:11:28+00:00\",\"breadcrumb\":{\"@id\":\"https:\/\/engzemin.com\/hakkimizda\/#breadcrumb\"},\"inLanguage\":\"en-US\",\"potentialAction\":[{\"@type\":\"ReadAction\",\"target\":[\"https:\/\/engzemin.com\/hakkimizda\/\"]}]},{\"@type\":\"BreadcrumbList\",\"@id\":\"https:\/\/engzemin.com\/hakkimizda\/#breadcrumb\",\"itemListElement\":[{\"@type\":\"ListItem\",\"position\":1,\"name\":\"Anasayfa\",\"item\":\"https:\/\/engzemin.com\/en\/\"},{\"@type\":\"ListItem\",\"position\":2,\"name\":\"Hakk\u0131m\u0131zda\"}]},{\"@type\":\"WebSite\",\"@id\":\"https:\/\/engzemin.com\/#website\",\"url\":\"https:\/\/engzemin.com\/\",\"name\":\"ENG Zemin A.\u015e.\",\"description\":\"Fore Kaz\u0131k - \u0130ksa Sistemleri - Zemin \u0130yile\u015ftirme\",\"potentialAction\":[{\"@type\":\"SearchAction\",\"target\":{\"@type\":\"EntryPoint\",\"urlTemplate\":\"https:\/\/engzemin.com\/?s={search_term_string}\"},\"query-input\":{\"@type\":\"PropertyValueSpecification\",\"valueRequired\":true,\"valueName\":\"search_term_string\"}}],\"inLanguage\":\"en-US\"}]}<\/script>\n<!-- \/ Yoast SEO plugin. -->","yoast_head_json":{"title":"About Us - ENG Zemin A.\u015e.","robots":{"index":"index","follow":"follow","max-snippet":"max-snippet:-1","max-image-preview":"max-image-preview:large","max-video-preview":"max-video-preview:-1"},"canonical":"https:\/\/engzemin.com\/en\/hakkimizda\/","og_locale":"en_US","og_type":"article","og_title":"[:tr]Hakk\u0131m\u0131zda[:en]About Us[:] - ENG Zemin A.\u015e.","og_description":"[vc_row][vc_column width=&#8221;2\/3&#8243;][vc_column_text]ENG Ground produces just-in-time solutions with its professional staff without sacrificing safety, economy and quality in the projects it takes in accordance with the engineering concept from which its name comes from. Bored piles, anchors, mini piles, stone columns, jet grouting and similar applications have also fulfilled their obligations in various projects such as [&hellip;]","og_url":"https:\/\/engzemin.com\/en\/hakkimizda\/","og_site_name":"ENG Zemin A.\u015e.","article_modified_time":"2024-12-21T15:11:28+00:00","twitter_card":"summary_large_image","twitter_misc":{"Est. reading time":"2 minutes"},"schema":{"@context":"https:\/\/schema.org","@graph":[{"@type":"WebPage","@id":"https:\/\/engzemin.com\/hakkimizda\/","url":"https:\/\/engzemin.com\/hakkimizda\/","name":"About Us","isPartOf":{"@id":"https:\/\/engzemin.com\/#website"},"datePublished":"2023-01-15T10:06:11+00:00","dateModified":"2024-12-21T15:11:28+00:00","breadcrumb":{"@id":"https:\/\/engzemin.com\/hakkimizda\/#breadcrumb"},"inLanguage":"en-US","potentialAction":[{"@type":"ReadAction","target":["https:\/\/engzemin.com\/hakkimizda\/"]}]},{"@type":"BreadcrumbList","@id":"https:\/\/engzemin.com\/hakkimizda\/#breadcrumb","itemListElement":[{"@type":"ListItem","position":1,"name":"Anasayfa","item":"https:\/\/engzemin.com\/en\/"},{"@type":"ListItem","position":2,"name":"Hakk\u0131m\u0131zda"}]},{"@type":"WebSite","@id":"https:\/\/engzemin.com\/#website","url":"https:\/\/engzemin.com\/","name":"ENG Zemin A.\u015e.","description":"Fore Kaz\u0131k - \u0130ksa Sistemleri - Zemin \u0130yile\u015ftirme","potentialAction":[{"@type":"SearchAction","target":{"@type":"EntryPoint","urlTemplate":"https:\/\/engzemin.com\/?s={search_term_string}"},"query-input":{"@type":"PropertyValueSpecification","valueRequired":true,"valueName":"search_term_string"}}],"inLanguage":"en-US"}]}},"_links":{"self":[{"href":"https:\/\/engzemin.com\/en\/wp-json\/wp\/v2\/pages\/1225","targetHints":{"allow":["GET"]}}],"collection":[{"href":"https:\/\/engzemin.com\/en\/wp-json\/wp\/v2\/pages"}],"about":[{"href":"https:\/\/engzemin.com\/en\/wp-json\/wp\/v2\/types\/page"}],"author":[{"embeddable":true,"href":"https:\/\/engzemin.com\/en\/wp-json\/wp\/v2\/users\/1"}],"replies":[{"embeddable":true,"href":"https:\/\/engzemin.com\/en\/wp-json\/wp\/v2\/comments?post=1225"}],"version-history":[{"count":11,"href":"https:\/\/engzemin.com\/en\/wp-json\/wp\/v2\/pages\/1225\/revisions"}],"predecessor-version":[{"id":1479,"href":"https:\/\/engzemin.com\/en\/wp-json\/wp\/v2\/pages\/1225\/revisions\/1479"}],"wp:attachment":[{"href":"https:\/\/engzemin.com\/en\/wp-json\/wp\/v2\/media?parent=1225"}],"curies":[{"name":"wp","href":"https:\/\/api.w.org\/{rel}","templated":true}]}}